{"id":1474,"date":"2025-12-12T09:39:52","date_gmt":"2025-12-12T08:39:52","guid":{"rendered":"https:\/\/mosaik.nu\/tipsfragor\/?page_id=1474"},"modified":"2025-12-15T14:11:54","modified_gmt":"2025-12-15T13:11:54","slug":"1474-2","status":"publish","type":"page","link":"https:\/\/mosaik.nu\/tipsfragor\/","title":{"rendered":""},"content":{"rendered":"\n<figure class=\"wp-block-image size-large\"><img loading=\"lazy\" decoding=\"async\" width=\"1024\" height=\"408\" src=\"https:\/\/mosaik.nu\/tipsfragor\/wp-content\/uploads\/2025\/12\/mosaik-tipsfragor-1024x408.jpg\" alt=\"\" class=\"wp-image-1479\" srcset=\"https:\/\/mosaik.nu\/tipsfragor\/wp-content\/uploads\/2025\/12\/mosaik-tipsfragor-1024x408.jpg 1024w, https:\/\/mosaik.nu\/tipsfragor\/wp-content\/uploads\/2025\/12\/mosaik-tipsfragor-300x119.jpg 300w, https:\/\/mosaik.nu\/tipsfragor\/wp-content\/uploads\/2025\/12\/mosaik-tipsfragor-768x306.jpg 768w, https:\/\/mosaik.nu\/tipsfragor\/wp-content\/uploads\/2025\/12\/mosaik-tipsfragor-1536x611.jpg 1536w, https:\/\/mosaik.nu\/tipsfragor\/wp-content\/uploads\/2025\/12\/mosaik-tipsfragor.jpg 1683w\" sizes=\"auto, (max-width: 1024px) 100vw, 1024px\" \/><\/figure>\n\n\n\n<figure class=\"wp-block-image size-large\"><img loading=\"lazy\" decoding=\"async\" width=\"1024\" height=\"153\" src=\"https:\/\/mosaik.nu\/tipsfragor\/wp-content\/uploads\/2025\/05\/mosaik-cirklar-3-1024x153.jpg\" alt=\"\" class=\"wp-image-1187\" srcset=\"https:\/\/mosaik.nu\/tipsfragor\/wp-content\/uploads\/2025\/05\/mosaik-cirklar-3-1024x153.jpg 1024w, https:\/\/mosaik.nu\/tipsfragor\/wp-content\/uploads\/2025\/05\/mosaik-cirklar-3-300x45.jpg 300w, https:\/\/mosaik.nu\/tipsfragor\/wp-content\/uploads\/2025\/05\/mosaik-cirklar-3-768x115.jpg 768w, https:\/\/mosaik.nu\/tipsfragor\/wp-content\/uploads\/2025\/05\/mosaik-cirklar-3.jpg 1200w\" sizes=\"auto, (max-width: 1024px) 100vw, 1024px\" \/><\/figure>\n\n\n\n<p class=\"has-text-align-center\">Den h\u00e4r sajten \u00e4r till f\u00f6r dig som arbetar med <br><em><a href=\"https:\/\/www.argument.se\/produkt\/barn-och-unga\/ungdom\/mosaik-300-tipsfragor-for-konfirmander\/\">Mosaik \u2013 300 tipsfr\u00e5gor f\u00f6r konfirmander<\/a><\/em> fr\u00e5n Argument f\u00f6rlag.<\/p>\n\n\n\n<p class=\"has-text-align-center\">H\u00e4r kan du <a href=\"https:\/\/mosaik.nu\/tipsfragor\/wp-login.php?redirect_to=https%3A%2F%2Fmosaik.nu%2Ftipsfragor%2F\">logga in p\u00e5 sajten<\/a>.<br><a href=\"https:\/\/www.mosaik.nu\/tipsfragor\/wp-login.php?action=register\" data-type=\"link\" data-id=\"https:\/\/www.mosaik.nu\/wp-login.php?action=register\">Registrera konto<\/a> om du \u00e4r h\u00e4r f\u00f6r f\u00f6rsta g\u00e5ngen.<\/p>\n","protected":false},"excerpt":{"rendered":"<p>Den h\u00e4r sajten \u00e4r till f\u00f6r dig som arbetar med Mosaik \u2013 300 tipsfr\u00e5gor f\u00f6r konfirmander fr\u00e5n Argument f\u00f6rlag. H\u00e4r kan du logga in p\u00e5 sajten.Registrera konto om du \u00e4r h\u00e4r f\u00f6r f\u00f6rsta g\u00e5ngen.<\/p>\n","protected":false},"author":1,"featured_media":0,"parent":0,"menu_order":0,"comment_status":"closed","ping_status":"closed","template":"","meta":{"footnotes":""},"class_list":["post-1474","page","type-page","status-publish","hentry"],"_links":{"self":[{"href":"https:\/\/mosaik.nu\/tipsfragor\/wp-json\/wp\/v2\/pages\/1474","targetHints":{"allow":["GET"]}}],"collection":[{"href":"https:\/\/mosaik.nu\/tipsfragor\/wp-json\/wp\/v2\/pages"}],"about":[{"href":"https:\/\/mosaik.nu\/tipsfragor\/wp-json\/wp\/v2\/types\/page"}],"author":[{"embeddable":true,"href":"https:\/\/mosaik.nu\/tipsfragor\/wp-json\/wp\/v2\/users\/1"}],"replies":[{"embeddable":true,"href":"https:\/\/mosaik.nu\/tipsfragor\/wp-json\/wp\/v2\/comments?post=1474"}],"version-history":[{"count":8,"href":"https:\/\/mosaik.nu\/tipsfragor\/wp-json\/wp\/v2\/pages\/1474\/revisions"}],"predecessor-version":[{"id":1484,"href":"https:\/\/mosaik.nu\/tipsfragor\/wp-json\/wp\/v2\/pages\/1474\/revisions\/1484"}],"wp:attachment":[{"href":"https:\/\/mosaik.nu\/tipsfragor\/wp-json\/wp\/v2\/media?parent=1474"}],"curies":[{"name":"wp","href":"https:\/\/api.w.org\/{rel}","templated":true}]}}